{"id":797,"date":"2024-10-02T09:47:49","date_gmt":"2024-10-02T09:47:49","guid":{"rendered":"http:\/\/phongnguyen.vn\/?post_type=product&#038;p=797"},"modified":"2025-03-04T07:15:01","modified_gmt":"2025-03-04T07:15:01","slug":"wrapping-paper","status":"publish","type":"product","link":"https:\/\/phongnguyen.vn\/vi\/product\/wrapping-paper\/","title":{"rendered":"GI\u1ea4Y G\u00d3I"},"content":{"rendered":"<p>\u0110\u01b0\u1ee3c s\u1ea3n xu\u1ea5t t\u1eeb d\u00e2y chuy\u1ec1n c\u00f4ng ngh\u1ec7 cao v\u00e0 s\u1eed d\u1ee5ng v\u1eadt li\u1ec7u cao c\u1ea5p, Gi\u1ea5y G\u00f3i Phong Nguy\u00ean c\u00f3 m\u00e0u s\u1eafc tr\u1eafng ho\u1eb7c tr\u1eafng ng\u00e0, b\u1ec1 m\u1eb7t l\u00e1ng m\u1ecbn, gi\u00fap t\u0103ng c\u01b0\u1eddng \u0111\u1ed9 th\u1ea9m m\u1ef9, ch\u1ed1ng tr\u1ea7y x\u01b0\u1edbc, v\u00e0 h\u00fat \u1ea9m. Ph\u00f9 h\u1ee3p s\u1eed d\u1ee5ng cho c\u00e1c s\u1ea3n ph\u1ea9m cao c\u1ea5p.<\/p>\n<p>\u1ee8ng d\u1ee5ng: Gi\u00e0y d\u00e9p (g\u00f3i), qu\u1ea7n \u00e1o, TV, m\u00e0n h\u00ecnh PC, Laptop, m\u00e1y t\u00ednh b\u1ea3ng, \u0111\u1ed3 \u0111i\u1ec7n t\u1eed, \u0111\u00f3ng g\u00f3i d\u1ee5ng c\u1ee5 b\u1ebfp.<\/p>\n","protected":false},"excerpt":{"rendered":"<ul>\n<li>Tr\u1ecdng l\u01b0\u1ee3ng: 28 GSM<\/li>\n<li>K\u00edch th\u01b0\u1edbc: 310 * 780 mm<\/li>\n<\/ul>\n","protected":false},"featured_media":599,"comment_status":"closed","ping_status":"closed","template":"","meta":[],"product_cat":[46],"product_tag":[],"class_list":{"0":"post-797","1":"product","2":"type-product","3":"status-publish","4":"has-post-thumbnail","6":"product_cat-wrapping-lining-paper-vi","8":"first","9":"instock","10":"shipping-taxable","11":"product-type-simple"},"acf":[],"_links":{"self":[{"href":"https:\/\/phongnguyen.vn\/vi\/wp-json\/wp\/v2\/product\/797","targetHints":{"allow":["GET"]}}],"collection":[{"href":"https:\/\/phongnguyen.vn\/vi\/wp-json\/wp\/v2\/product"}],"about":[{"href":"https:\/\/phongnguyen.vn\/vi\/wp-json\/wp\/v2\/types\/product"}],"replies":[{"embeddable":true,"href":"https:\/\/phongnguyen.vn\/vi\/wp-json\/wp\/v2\/comments?post=797"}],"wp:featuredmedia":[{"embeddable":true,"href":"https:\/\/phongnguyen.vn\/vi\/wp-json\/wp\/v2\/media\/599"}],"wp:attachment":[{"href":"https:\/\/phongnguyen.vn\/vi\/wp-json\/wp\/v2\/media?parent=797"}],"wp:term":[{"taxonomy":"product_cat","embeddable":true,"href":"https:\/\/phongnguyen.vn\/vi\/wp-json\/wp\/v2\/product_cat?post=797"},{"taxonomy":"product_tag","embeddable":true,"href":"https:\/\/phongnguyen.vn\/vi\/wp-json\/wp\/v2\/product_tag?post=797"}],"curies":[{"name":"wp","href":"https:\/\/api.w.org\/{rel}","templated":true}]}}