{"id":796,"date":"2024-10-02T09:48:11","date_gmt":"2024-10-02T09:48:11","guid":{"rendered":"http:\/\/phongnguyen.vn\/?post_type=product&#038;p=796"},"modified":"2025-03-04T07:05:51","modified_gmt":"2025-03-04T07:05:51","slug":"lining-paper","status":"publish","type":"product","link":"https:\/\/phongnguyen.vn\/vi\/product\/lining-paper\/","title":{"rendered":"GI\u1ea4Y NH\u00c9T"},"content":{"rendered":"<p>C\u00f3 ngu\u1ed3n g\u1ed1c t\u1eeb b\u00e1o, t\u1ea1p ch\u00ed t\u00e1i ch\u1ebf c\u00f9ng v\u1edbi \u0111\u1eb7c t\u00ednh h\u00fat \u1ea9m t\u1ef1 nhi\u00ean v\u00e0 m\u1ec1m x\u1ed1p c\u1ee7a gi\u1ea5y, Gi\u1ea5y Nh\u00e9t Phong Nguy\u00ean l\u00e0 l\u1ef1a ch\u1ecdn ho\u00e0n h\u1ea3o cho m\u1ecdi s\u1ea3n ph\u1ea9m c\u1ea7n v\u1eadn chuy\u1ec3n d\u00f9 g\u1ea7n hay xa. Gi\u1ea5y Nh\u00e9t c\u00f3 t\u00e1c d\u1ee5ng h\u1ea5p th\u1ee5 l\u1ef1c va \u0111\u1eadp trong qu\u00e1 tr\u00ecnh v\u1eadn chuy\u1ec3n, cung c\u1ea5p kh\u1ea3 n\u0103ng \u0111\u00e0n h\u1ed3i \u0111\u1ec3 s\u1ea3n ph\u1ea9m c\u1ee7a b\u1ea1n lu\u00f4n trong t\u00ecnh tr\u1ea1ng t\u1ed1t nh\u1ea5t.<\/p>\n<p>\u1ee8ng d\u1ee5ng: Gi\u00e0y d\u00e9p, ba l\u00f4, t\u00fai x\u00e1ch, thi\u1ebft b\u1ecb \u0111i\u1ec7n t\u1eed, b\u00f3ng \u0111\u00e8n.<\/p>\n","protected":false},"excerpt":{"rendered":"<ul>\n<li>Tr\u1ecdng l\u01b0\u1ee3ng: 21 GSM<\/li>\n<li>K\u00edch th\u01b0\u1edbc: 320 * 500 mm<\/li>\n<\/ul>\n","protected":false},"featured_media":600,"comment_status":"closed","ping_status":"closed","template":"","meta":[],"product_cat":[46],"product_tag":[],"class_list":{"0":"post-796","1":"product","2":"type-product","3":"status-publish","4":"has-post-thumbnail","6":"product_cat-wrapping-lining-paper-vi","8":"first","9":"instock","10":"shipping-taxable","11":"product-type-simple"},"acf":[],"_links":{"self":[{"href":"https:\/\/phongnguyen.vn\/vi\/wp-json\/wp\/v2\/product\/796","targetHints":{"allow":["GET"]}}],"collection":[{"href":"https:\/\/phongnguyen.vn\/vi\/wp-json\/wp\/v2\/product"}],"about":[{"href":"https:\/\/phongnguyen.vn\/vi\/wp-json\/wp\/v2\/types\/product"}],"replies":[{"embeddable":true,"href":"https:\/\/phongnguyen.vn\/vi\/wp-json\/wp\/v2\/comments?post=796"}],"wp:featuredmedia":[{"embeddable":true,"href":"https:\/\/phongnguyen.vn\/vi\/wp-json\/wp\/v2\/media\/600"}],"wp:attachment":[{"href":"https:\/\/phongnguyen.vn\/vi\/wp-json\/wp\/v2\/media?parent=796"}],"wp:term":[{"taxonomy":"product_cat","embeddable":true,"href":"https:\/\/phongnguyen.vn\/vi\/wp-json\/wp\/v2\/product_cat?post=796"},{"taxonomy":"product_tag","embeddable":true,"href":"https:\/\/phongnguyen.vn\/vi\/wp-json\/wp\/v2\/product_tag?post=796"}],"curies":[{"name":"wp","href":"https:\/\/api.w.org\/{rel}","templated":true}]}}