{"id":793,"date":"2024-10-04T03:54:13","date_gmt":"2024-10-04T03:54:13","guid":{"rendered":"http:\/\/phongnguyen.vn\/?post_type=product&#038;p=793"},"modified":"2025-08-16T09:58:52","modified_gmt":"2025-08-16T09:58:52","slug":"cb-in-rubber-goods","status":"publish","type":"product","link":"https:\/\/phongnguyen.vn\/vi\/product\/cb-in-rubber-goods\/","title":{"rendered":"S\u1ea2N PH\u1ea8M CAO SU"},"content":{"rendered":"<p>Mu\u1ed9i Than \u0110en d\u00f9ng l\u00e0m ch\u1ea5t \u0111\u1ed9n gia c\u1ed1 gi\u00fap t\u0103ng \u0111\u1ed9 b\u1ec1n c\u01a1 h\u1ecdc, kh\u1ea3 n\u0103ng ch\u1ed1ng rung hi\u1ec7u qu\u1ea3, ch\u1ed1ng tia c\u1ef1c t\u00edm cho c\u00e1c s\u1ea3n ph\u1ea9m cao su ho\u1ea1t \u0111\u1ed9ng d\u01b0\u1edbi c\u01b0\u1eddng \u0111\u1ed9 cao c\u00f9ng \u0111i\u1ec1u ki\u1ec7n th\u1eddi ti\u1ebft kh\u1eafc nghi\u1ec7t v\u00e0 nhi\u1ec7t \u0111\u1ed9 cao.<\/p>\n<p>\u1ee8ng d\u1ee5ng: L\u1ed1p xe (l\u1ed1p xe th\u01b0\u01a1ng m\u1ea1i, xe t\u1ea3i), \u1ed1ng cao su, gio\u0103ng, b\u0103ng t\u1ea3i<\/p>\n<p><strong>M\u00f4 t\u1ea3 s\u1ea3n ph\u1ea9m:<\/strong><\/p>\n<ul>\n<li>Di\u1ec7n t\u00edch b\u1ec1 m\u1eb7t: 254 m\u00b2\/g<\/li>\n<li>\u0110\u1ed9 \u1ea9m: &lt; 0.1 wt%<\/li>\n<li>Th\u00e0nh ph\u1ea7n carbon: 99% tr\u1edf l\u00ean<\/li>\n<\/ul>\n<p><strong>Th\u00f4ng tin b\u1ed5 sung:<\/strong><\/p>\n<p><img decoding=\"async\" class=\"mb-0 mr-2 alignnone wp-image-441 size-full lazyload\" data-src=\"http:\/\/phongnguyen.vn\/wp-content\/uploads\/2024\/10\/mail.png\" alt=\"\" width=\"40\" height=\"40\" src=\"data:image\/gif;base64,R0lGODlhAQABAAAAACH5BAEKAAEALAAAAAABAAEAAAICTAEAOw==\" style=\"--smush-placeholder-width: 40px; --smush-placeholder-aspect-ratio: 40\/40;\" \/>Data Sheet\u00a0 \u00a0 \u00a0 \u00a0 \u00a0 \u00a0 \u00a0<img decoding=\"async\" class=\"mb-0 mr-2 alignnone wp-image-441 size-full lazyload\" data-src=\"http:\/\/phongnguyen.vn\/wp-content\/uploads\/2024\/10\/mail.png\" alt=\"\" width=\"40\" height=\"40\" src=\"data:image\/gif;base64,R0lGODlhAQABAAAAACH5BAEKAAEALAAAAAABAAEAAAICTAEAOw==\" style=\"--smush-placeholder-width: 40px; --smush-placeholder-aspect-ratio: 40\/40;\" \/>SDS<\/p>\n","protected":false},"excerpt":{"rendered":"<p>Mu\u1ed9i Than \u0110en d\u00f9ng l\u00e0m ch\u1ea5t \u0111\u1ed9n gia c\u1ed1 gi\u00fap t\u0103ng \u0111\u1ed9 b\u1ec1n c\u01a1 h\u1ecdc, kh\u1ea3 n\u0103ng ch\u1ed1ng rung hi\u1ec7u qu\u1ea3, ch\u1ed1ng tia c\u1ef1c t\u00edm cho c\u00e1c s\u1ea3n ph\u1ea9m cao su ho\u1ea1t \u0111\u1ed9ng d\u01b0\u1edbi c\u01b0\u1eddng \u0111\u1ed9 cao c\u00f9ng \u0111i\u1ec1u ki\u1ec7n th\u1eddi ti\u1ebft kh\u1eafc nghi\u1ec7t v\u00e0 nhi\u1ec7t \u0111\u1ed9 cao. \u1ee8ng d\u1ee5ng: L\u1ed1p xe (l\u1ed1p xe th\u01b0\u01a1ng [&#8230;]\n","protected":false},"featured_media":595,"comment_status":"closed","ping_status":"closed","template":"","meta":[],"product_cat":[48],"product_tag":[],"class_list":{"0":"post-793","1":"product","2":"type-product","3":"status-publish","4":"has-post-thumbnail","6":"product_cat-carbon-black-vi","8":"first","9":"instock","10":"shipping-taxable","11":"product-type-simple"},"acf":[],"_links":{"self":[{"href":"https:\/\/phongnguyen.vn\/vi\/wp-json\/wp\/v2\/product\/793","targetHints":{"allow":["GET"]}}],"collection":[{"href":"https:\/\/phongnguyen.vn\/vi\/wp-json\/wp\/v2\/product"}],"about":[{"href":"https:\/\/phongnguyen.vn\/vi\/wp-json\/wp\/v2\/types\/product"}],"replies":[{"embeddable":true,"href":"https:\/\/phongnguyen.vn\/vi\/wp-json\/wp\/v2\/comments?post=793"}],"wp:featuredmedia":[{"embeddable":true,"href":"https:\/\/phongnguyen.vn\/vi\/wp-json\/wp\/v2\/media\/595"}],"wp:attachment":[{"href":"https:\/\/phongnguyen.vn\/vi\/wp-json\/wp\/v2\/media?parent=793"}],"wp:term":[{"taxonomy":"product_cat","embeddable":true,"href":"https:\/\/phongnguyen.vn\/vi\/wp-json\/wp\/v2\/product_cat?post=793"},{"taxonomy":"product_tag","embeddable":true,"href":"https:\/\/phongnguyen.vn\/vi\/wp-json\/wp\/v2\/product_tag?post=793"}],"curies":[{"name":"wp","href":"https:\/\/api.w.org\/{rel}","templated":true}]}}