{"id":789,"date":"2024-10-04T04:07:18","date_gmt":"2024-10-04T04:07:18","guid":{"rendered":"http:\/\/phongnguyen.vn\/?post_type=product&#038;p=789"},"modified":"2025-03-07T03:26:43","modified_gmt":"2025-03-07T03:26:43","slug":"cb-in-pigment","status":"publish","type":"product","link":"https:\/\/phongnguyen.vn\/vi\/product\/cb-in-pigment\/","title":{"rendered":"M\u00c0U NHU\u1ed8M"},"content":{"rendered":"<p>Mu\u1ed9i Than \u0110en l\u00e0 th\u00e0nh ph\u1ea7n quan tr\u1ecdng, quy\u1ebft \u0111\u1ecbnh \u0111\u1ec3 t\u1ea1o ra m\u00e0u nhu\u1ed9m \u0111en. Nh\u1edd v\u00e0o t\u00ednh \u1ed5n \u0111\u1ecbnh m\u00e0u, kh\u1ea3 n\u0103ng ch\u1ed1ng dung m\u00f4i v\u00e0 ch\u1ecbu nhi\u1ec7t v\u01b0\u1ee3t tr\u1ed9i, v\u1eadt li\u1ec7u n\u00e0y \u0111\u01b0\u1ee3c \u1ee9ng d\u1ee5ng r\u1ed9ng r\u00e3i trong ng\u00e0nh c\u00f4ng nghi\u1ec7p nhu\u1ed9m. Khi s\u1eed d\u1ee5ng v\u1edbi t\u1ef7 l\u1ec7 ph\u00f9 h\u1ee3p, Mu\u1ed9i Than \u0110en s\u1ebd t\u1ea1o ra c\u00e1c d\u1ea3i m\u00e0u \u0111en kh\u00e1c nhau, t\u1eeb x\u00e1m nh\u1ea1t \u0111\u1ebfn \u0111en tuy\u1ec1n.<\/p>\n<p>\u1ee8ng d\u1ee5ng: M\u1ef1c in, s\u01a1n, l\u1edbp ph\u1ee7<\/p>\n<p><strong>M\u00f4 t\u1ea3 s\u1ea3n ph\u1ea9m:<\/strong><\/p>\n<ul>\n<li>Di\u1ec7n t\u00edch b\u1ec1 m\u1eb7t: 254 m\u00b2\/g<\/li>\n<li>\u0110\u1ed9 \u1ea9m: &lt; 0.1 wt%<\/li>\n<li>Th\u00e0nh ph\u1ea7n carbon: 99% tr\u1edf l\u00ean<\/li>\n<\/ul>\n<p><strong>Th\u00f4ng tin b\u1ed5 sung:<\/strong><\/p>\n<p><img decoding=\"async\" class=\"mb-0 mr-2 alignnone wp-image-441 size-full lazyload\" data-src=\"http:\/\/phongnguyen.vn\/wp-content\/uploads\/2024\/10\/mail.png\" alt=\"\" width=\"40\" height=\"40\" src=\"data:image\/gif;base64,R0lGODlhAQABAAAAACH5BAEKAAEALAAAAAABAAEAAAICTAEAOw==\" style=\"--smush-placeholder-width: 40px; --smush-placeholder-aspect-ratio: 40\/40;\" \/>Data Sheet\u00a0 \u00a0 \u00a0 \u00a0 \u00a0 \u00a0 \u00a0<img decoding=\"async\" class=\"mb-0 mr-2 alignnone wp-image-441 size-full lazyload\" data-src=\"http:\/\/phongnguyen.vn\/wp-content\/uploads\/2024\/10\/mail.png\" alt=\"\" width=\"40\" height=\"40\" src=\"data:image\/gif;base64,R0lGODlhAQABAAAAACH5BAEKAAEALAAAAAABAAEAAAICTAEAOw==\" style=\"--smush-placeholder-width: 40px; --smush-placeholder-aspect-ratio: 40\/40;\" \/>SDS<\/p>\n","protected":false},"excerpt":{"rendered":"<p>Mu\u1ed9i Than \u0110en l\u00e0 th\u00e0nh ph\u1ea7n quan tr\u1ecdng, quy\u1ebft \u0111\u1ecbnh \u0111\u1ec3 t\u1ea1o ra m\u00e0u nhu\u1ed9m \u0111en. Nh\u1edd v\u00e0o t\u00ednh \u1ed5n \u0111\u1ecbnh m\u00e0u, kh\u1ea3 n\u0103ng ch\u1ed1ng dung m\u00f4i v\u00e0 ch\u1ecbu nhi\u1ec7t v\u01b0\u1ee3t tr\u1ed9i, v\u1eadt li\u1ec7u n\u00e0y \u0111\u01b0\u1ee3c \u1ee9ng d\u1ee5ng r\u1ed9ng r\u00e3i trong ng\u00e0nh c\u00f4ng nghi\u1ec7p nhu\u1ed9m. Khi s\u1eed d\u1ee5ng v\u1edbi t\u1ef7 l\u1ec7 ph\u00f9 h\u1ee3p, Mu\u1ed9i Than [&#8230;]\n","protected":false},"featured_media":595,"comment_status":"closed","ping_status":"closed","template":"","meta":[],"product_cat":[48],"product_tag":[],"class_list":{"0":"post-789","1":"product","2":"type-product","3":"status-publish","4":"has-post-thumbnail","6":"product_cat-carbon-black-vi","8":"first","9":"instock","10":"shipping-taxable","11":"product-type-simple"},"acf":[],"_links":{"self":[{"href":"https:\/\/phongnguyen.vn\/vi\/wp-json\/wp\/v2\/product\/789","targetHints":{"allow":["GET"]}}],"collection":[{"href":"https:\/\/phongnguyen.vn\/vi\/wp-json\/wp\/v2\/product"}],"about":[{"href":"https:\/\/phongnguyen.vn\/vi\/wp-json\/wp\/v2\/types\/product"}],"replies":[{"embeddable":true,"href":"https:\/\/phongnguyen.vn\/vi\/wp-json\/wp\/v2\/comments?post=789"}],"wp:featuredmedia":[{"embeddable":true,"href":"https:\/\/phongnguyen.vn\/vi\/wp-json\/wp\/v2\/media\/595"}],"wp:attachment":[{"href":"https:\/\/phongnguyen.vn\/vi\/wp-json\/wp\/v2\/media?parent=789"}],"wp:term":[{"taxonomy":"product_cat","embeddable":true,"href":"https:\/\/phongnguyen.vn\/vi\/wp-json\/wp\/v2\/product_cat?post=789"},{"taxonomy":"product_tag","embeddable":true,"href":"https:\/\/phongnguyen.vn\/vi\/wp-json\/wp\/v2\/product_tag?post=789"}],"curies":[{"name":"wp","href":"https:\/\/api.w.org\/{rel}","templated":true}]}}