{"id":784,"date":"2024-10-04T07:41:02","date_gmt":"2024-10-04T07:41:02","guid":{"rendered":"http:\/\/phongnguyen.vn\/?post_type=product&#038;p=784"},"modified":"2025-03-06T01:56:01","modified_gmt":"2025-03-06T01:56:01","slug":"translucent-tile","status":"publish","type":"product","link":"https:\/\/phongnguyen.vn\/vi\/product\/translucent-tile\/","title":{"rendered":"T\u00d4N L\u1ea4Y S\u00c1NG"},"content":{"rendered":"<p>T\u00f4n L\u1ea5y S\u00e1ng Phong Nguy\u00ean c\u00f3 thi\u1ebft k\u1ebf \u0111\u1eb7c bi\u1ec7t \u0111\u1ec3 t\u1eadn d\u1ee5ng \u00e1nh s\u00e1ng m\u1eb7t tr\u1eddi nh\u01b0ng v\u1eabn l\u1ecdc c\u00e1c b\u1ee9c x\u1ea1 c\u00f3 h\u1ea1i, \u0111\u1ea3m b\u1ea3o mang \u0111\u1ebfn m\u1ed9t gi\u1ea3i ph\u00e1p l\u1ea5y s\u00e1ng t\u1ef1 nhi\u00ean v\u00e0 b\u1ec1n v\u1eefng cho c\u00f4ng tr\u00ecnh.<\/p>\n<p>\u1ee8ng d\u1ee5ng: l\u1eafp \u0111\u1eb7t c\u00f9ng v\u1edbi Ng\u00f3i Nh\u1ef1a ASA-PVC v\u00e0 T\u00f4n S\u00f3ng ASA-PVC \u0111\u1ec3 khai th\u00e1c t\u1ed1i \u01b0u \u00e1nh s\u00e1ng ban ng\u00e0y<\/p>\n","protected":false},"excerpt":{"rendered":"<ul>\n<li>\u0110\u1ed9 d\u00e0y: 1.5 &#8211; 3.0 mm<\/li>\n<li>R\u1ed9ng: 1,050 mm<\/li>\n<\/ul>\n","protected":false},"featured_media":595,"comment_status":"closed","ping_status":"closed","template":"","meta":[],"product_cat":[49],"product_tag":[],"class_list":{"0":"post-784","1":"product","2":"type-product","3":"status-publish","4":"has-post-thumbnail","6":"product_cat-roofing-tile-vi","8":"first","9":"instock","10":"shipping-taxable","11":"product-type-simple"},"acf":[],"_links":{"self":[{"href":"https:\/\/phongnguyen.vn\/vi\/wp-json\/wp\/v2\/product\/784","targetHints":{"allow":["GET"]}}],"collection":[{"href":"https:\/\/phongnguyen.vn\/vi\/wp-json\/wp\/v2\/product"}],"about":[{"href":"https:\/\/phongnguyen.vn\/vi\/wp-json\/wp\/v2\/types\/product"}],"replies":[{"embeddable":true,"href":"https:\/\/phongnguyen.vn\/vi\/wp-json\/wp\/v2\/comments?post=784"}],"wp:featuredmedia":[{"embeddable":true,"href":"https:\/\/phongnguyen.vn\/vi\/wp-json\/wp\/v2\/media\/595"}],"wp:attachment":[{"href":"https:\/\/phongnguyen.vn\/vi\/wp-json\/wp\/v2\/media?parent=784"}],"wp:term":[{"taxonomy":"product_cat","embeddable":true,"href":"https:\/\/phongnguyen.vn\/vi\/wp-json\/wp\/v2\/product_cat?post=784"},{"taxonomy":"product_tag","embeddable":true,"href":"https:\/\/phongnguyen.vn\/vi\/wp-json\/wp\/v2\/product_tag?post=784"}],"curies":[{"name":"wp","href":"https:\/\/api.w.org\/{rel}","templated":true}]}}